{"id":6345,"date":"2023-04-18T13:56:54","date_gmt":"2023-04-18T10:56:54","guid":{"rendered":"https:\/\/lamelique.shop\/apmokejimo-budai\/"},"modified":"2024-06-20T14:04:27","modified_gmt":"2024-06-20T11:04:27","slug":"payment-methods","status":"publish","type":"page","link":"https:\/\/lamelique.shop\/en\/payment-methods\/","title":{"rendered":"Payment methods"},"content":{"rendered":"<section class=\"l-section wpb_row height_medium\"><div class=\"l-section-h i-cf\"><div class=\"g-cols vc_row via_flex valign_top type_default stacking_default\"><div class=\"vc_col-sm-12 wpb_column vc_column_container\"><div class=\"vc_column-inner\"><div class=\"wpb_wrapper\"><div class=\"wpb_text_column\"><div class=\"wpb_wrapper\"><p>U\u017esakymai priimami www.lamelique.shop esan\u010diomis u\u017esakymo formomis. Visos preki\u0173 kainos internetin\u0117je parduotuv\u0117je nurodytos eurais. PVM yra \u012ftrauktas \u012f www.lamelique.shop nurodytas preki\u0173 kainas.<\/p>\n<p>Pirk\u0117jas atsiskaityti u\u017e prekes gali: elektronine bankininkyste (Mok\u0117jimus apdoroja Paysera).<\/p>\n<\/div><\/div><\/div><\/div><\/div><\/div><\/div><\/section>\n","protected":false},"excerpt":{"rendered":"U\u017esakymai priimami www.lamelique.shop esan\u010diomis u\u017esakymo formomis. Visos preki\u0173 kainos internetin\u0117je parduotuv\u0117je nurodytos eurais. PVM yra \u012ftrauktas \u012f www.lamelique.shop nurodytas preki\u0173 kainas. Pirk\u0117jas atsiskaityti u\u017e prekes gali: elektronine bankininkyste (Mok\u0117jimus apdoroja Paysera).","protected":false},"author":5,"featured_media":0,"parent":0,"menu_order":0,"comment_status":"closed","ping_status":"closed","template":"","meta":{"_acf_changed":false,"inline_featured_image":false,"footnotes":""},"class_list":["post-6345","page","type-page","status-publish","hentry"],"acf":[],"yoast_head":"<!-- This site is optimized with the Yoast SEO plugin v27.0 - https:\/\/yoast.com\/product\/yoast-seo-wordpress\/ -->\n<title>Payment methods - Lamelique<\/title>\n<meta name=\"robots\" content=\"index, follow, max-snippet:-1, max-image-preview:large, max-video-preview:-1\" \/>\n<link rel=\"canonical\" href=\"https:\/\/lamelique.shop\/en\/payment-methods\/\" \/>\n<meta property=\"og:locale\" content=\"en_US\" \/>\n<meta property=\"og:type\" content=\"article\" \/>\n<meta property=\"og:title\" content=\"Payment methods - Lamelique\" \/>\n<meta property=\"og:url\" content=\"https:\/\/lamelique.shop\/en\/payment-methods\/\" \/>\n<meta property=\"og:site_name\" content=\"Lamelique\" \/>\n<meta property=\"article:publisher\" content=\"https:\/\/www.facebook.com\/lamelique.shop\" \/>\n<meta property=\"article:modified_time\" content=\"2024-06-20T11:04:27+00:00\" \/>\n<meta name=\"twitter:card\" content=\"summary_large_image\" \/>\n<meta name=\"twitter:label1\" content=\"Est. reading time\" \/>\n\t<meta name=\"twitter:data1\" content=\"1 minute\" \/>\n<script type=\"application\/ld+json\" class=\"yoast-schema-graph\">{\"@context\":\"https:\/\/schema.org\",\"@graph\":[{\"@type\":\"WebPage\",\"@id\":\"https:\/\/lamelique.shop\/en\/payment-methods\/\",\"url\":\"https:\/\/lamelique.shop\/en\/payment-methods\/\",\"name\":\"Payment methods - Lamelique\",\"isPartOf\":{\"@id\":\"https:\/\/lamelique.shop\/en\/#website\"},\"datePublished\":\"2023-04-18T10:56:54+00:00\",\"dateModified\":\"2024-06-20T11:04:27+00:00\",\"breadcrumb\":{\"@id\":\"https:\/\/lamelique.shop\/en\/payment-methods\/#breadcrumb\"},\"inLanguage\":\"en-US\",\"potentialAction\":[{\"@type\":\"ReadAction\",\"target\":[\"https:\/\/lamelique.shop\/en\/payment-methods\/\"]}]},{\"@type\":\"BreadcrumbList\",\"@id\":\"https:\/\/lamelique.shop\/en\/payment-methods\/#breadcrumb\",\"itemListElement\":[{\"@type\":\"ListItem\",\"position\":1,\"name\":\"Home\",\"item\":\"https:\/\/lamelique.shop\/en\/\"},{\"@type\":\"ListItem\",\"position\":2,\"name\":\"Payment methods\"}]},{\"@type\":\"WebSite\",\"@id\":\"https:\/\/lamelique.shop\/en\/#website\",\"url\":\"https:\/\/lamelique.shop\/en\/\",\"name\":\"Lamelique\",\"description\":\"Madingi moteri\u0161ki r\u016bbai ir aksesuarai\",\"publisher\":{\"@id\":\"https:\/\/lamelique.shop\/en\/#organization\"},\"potentialAction\":[{\"@type\":\"SearchAction\",\"target\":{\"@type\":\"EntryPoint\",\"urlTemplate\":\"https:\/\/lamelique.shop\/en\/?s={search_term_string}\"},\"query-input\":{\"@type\":\"PropertyValueSpecification\",\"valueRequired\":true,\"valueName\":\"search_term_string\"}}],\"inLanguage\":\"en-US\"},{\"@type\":\"Organization\",\"@id\":\"https:\/\/lamelique.shop\/en\/#organization\",\"name\":\"Lamelique, MB\",\"url\":\"https:\/\/lamelique.shop\/en\/\",\"logo\":{\"@type\":\"ImageObject\",\"inLanguage\":\"en-US\",\"@id\":\"https:\/\/lamelique.shop\/en\/#\/schema\/logo\/image\/\",\"url\":\"https:\/\/lamelique.shop\/wp-content\/uploads\/lamelique-logo.svg\",\"contentUrl\":\"https:\/\/lamelique.shop\/wp-content\/uploads\/lamelique-logo.svg\",\"width\":1192,\"height\":183,\"caption\":\"Lamelique, MB\"},\"image\":{\"@id\":\"https:\/\/lamelique.shop\/en\/#\/schema\/logo\/image\/\"},\"sameAs\":[\"https:\/\/www.facebook.com\/lamelique.shop\",\"https:\/\/www.instagram.com\/lamelique.shop\/\"]}]}<\/script>\n<!-- \/ Yoast SEO plugin. -->","yoast_head_json":{"title":"Payment methods - Lamelique","robots":{"index":"index","follow":"follow","max-snippet":"max-snippet:-1","max-image-preview":"max-image-preview:large","max-video-preview":"max-video-preview:-1"},"canonical":"https:\/\/lamelique.shop\/en\/payment-methods\/","og_locale":"en_US","og_type":"article","og_title":"Payment methods - Lamelique","og_url":"https:\/\/lamelique.shop\/en\/payment-methods\/","og_site_name":"Lamelique","article_publisher":"https:\/\/www.facebook.com\/lamelique.shop","article_modified_time":"2024-06-20T11:04:27+00:00","twitter_card":"summary_large_image","twitter_misc":{"Est. reading time":"1 minute"},"schema":{"@context":"https:\/\/schema.org","@graph":[{"@type":"WebPage","@id":"https:\/\/lamelique.shop\/en\/payment-methods\/","url":"https:\/\/lamelique.shop\/en\/payment-methods\/","name":"Payment methods - Lamelique","isPartOf":{"@id":"https:\/\/lamelique.shop\/en\/#website"},"datePublished":"2023-04-18T10:56:54+00:00","dateModified":"2024-06-20T11:04:27+00:00","breadcrumb":{"@id":"https:\/\/lamelique.shop\/en\/payment-methods\/#breadcrumb"},"inLanguage":"en-US","potentialAction":[{"@type":"ReadAction","target":["https:\/\/lamelique.shop\/en\/payment-methods\/"]}]},{"@type":"BreadcrumbList","@id":"https:\/\/lamelique.shop\/en\/payment-methods\/#breadcrumb","itemListElement":[{"@type":"ListItem","position":1,"name":"Home","item":"https:\/\/lamelique.shop\/en\/"},{"@type":"ListItem","position":2,"name":"Payment methods"}]},{"@type":"WebSite","@id":"https:\/\/lamelique.shop\/en\/#website","url":"https:\/\/lamelique.shop\/en\/","name":"Lamelique","description":"Madingi moteri\u0161ki r\u016bbai ir aksesuarai","publisher":{"@id":"https:\/\/lamelique.shop\/en\/#organization"},"potentialAction":[{"@type":"SearchAction","target":{"@type":"EntryPoint","urlTemplate":"https:\/\/lamelique.shop\/en\/?s={search_term_string}"},"query-input":{"@type":"PropertyValueSpecification","valueRequired":true,"valueName":"search_term_string"}}],"inLanguage":"en-US"},{"@type":"Organization","@id":"https:\/\/lamelique.shop\/en\/#organization","name":"Lamelique, MB","url":"https:\/\/lamelique.shop\/en\/","logo":{"@type":"ImageObject","inLanguage":"en-US","@id":"https:\/\/lamelique.shop\/en\/#\/schema\/logo\/image\/","url":"https:\/\/lamelique.shop\/wp-content\/uploads\/lamelique-logo.svg","contentUrl":"https:\/\/lamelique.shop\/wp-content\/uploads\/lamelique-logo.svg","width":1192,"height":183,"caption":"Lamelique, MB"},"image":{"@id":"https:\/\/lamelique.shop\/en\/#\/schema\/logo\/image\/"},"sameAs":["https:\/\/www.facebook.com\/lamelique.shop","https:\/\/www.instagram.com\/lamelique.shop\/"]}]}},"_links":{"self":[{"href":"https:\/\/lamelique.shop\/en\/wp-json\/wp\/v2\/pages\/6345","targetHints":{"allow":["GET"]}}],"collection":[{"href":"https:\/\/lamelique.shop\/en\/wp-json\/wp\/v2\/pages"}],"about":[{"href":"https:\/\/lamelique.shop\/en\/wp-json\/wp\/v2\/types\/page"}],"author":[{"embeddable":true,"href":"https:\/\/lamelique.shop\/en\/wp-json\/wp\/v2\/users\/5"}],"replies":[{"embeddable":true,"href":"https:\/\/lamelique.shop\/en\/wp-json\/wp\/v2\/comments?post=6345"}],"version-history":[{"count":0,"href":"https:\/\/lamelique.shop\/en\/wp-json\/wp\/v2\/pages\/6345\/revisions"}],"wp:attachment":[{"href":"https:\/\/lamelique.shop\/en\/wp-json\/wp\/v2\/media?parent=6345"}],"curies":[{"name":"wp","href":"https:\/\/api.w.org\/{rel}","templated":true}]}}