{"id":6374,"date":"2023-04-18T14:10:46","date_gmt":"2023-04-18T11:10:46","guid":{"rendered":"https:\/\/lamelique.shop\/privatumo-politika\/"},"modified":"2024-06-20T15:10:28","modified_gmt":"2024-06-20T12:10:28","slug":"privacy-policy","status":"publish","type":"page","link":"https:\/\/lamelique.shop\/en\/privacy-policy\/","title":{"rendered":"Privacy policy"},"content":{"rendered":"<section class=\"l-section wpb_row height_medium\"><div class=\"l-section-h i-cf\"><div class=\"g-cols vc_row via_flex valign_top type_default stacking_default\"><div class=\"vc_col-sm-12 wpb_column vc_column_container\"><div class=\"vc_column-inner\"><div class=\"wpb_wrapper\"><div class=\"wpb_text_column\"><div class=\"wpb_wrapper\"><p><a href=\"https:\/\/lamelique.keyboart.com\">Lamelique.shop<\/a> privatumo politikoje apra\u0161oma, koki\u0105 informacij\u0105 renkame ir kaip j\u0105 naudojame.<\/p>\n<p><strong>1. Koki\u0105 informacij\u0105 mes renkame?<\/strong><\/p>\n<p>Mes galime rinkti, saugoti ir naudoti \u017eemiau nurodyt\u0173 r\u016b\u0161i\u0173 informacij\u0105:<\/p>\n<ul>\n<li>Informacij\u0105 apie J\u016bs\u0173 \u012frengin\u012f, apsilankymus ir naudojim\u0105si <a href=\"https:\/\/lamelique.keyboart.com\">Lamelique.shop<\/a> internetin\u0117je parduotuv\u0117je (\u012fskaitant IP adres\u0105, geografin\u0119 viet\u0105, nar\u0161ykl\u0117s tip\u0105, i\u0161 kur buvote nukreipti, lankymosi trukm\u0119, puslapi\u0173 \u017ei\u016br\u0117jim\u0173 skai\u010di\u0173);<\/li>\n<li>Informacij\u0105, kuri\u0105 J\u016bs suteikiate mums u\u017esakant prek\u0119s i\u0161 m\u016bs\u0173 internetin\u0117s parduotuv\u0117s, prane\u0161imus el. pa\u0161tu ir\/arba naujienlai\u0161kius;<\/li>\n<li>Bet koki\u0105 kit\u0105 informacij\u0105, kuri\u0105 J\u016bs savo pasirinkimu siun\u010diate mums.<\/li>\n<\/ul>\n<p><strong>2. Slapukai (ang. Cookies)<\/strong><\/p>\n<p>Slapuk\u0105 sudaro informacija, tinklo tarnybin\u0117s stoties siun\u010diama interneto nar\u0161yklei ir laikoma nar\u0161ykl\u0117s. \u0160i informacija v\u0117liau siun\u010diama atgal tarnybinei sto\u010diai kaskart kai nar\u0161ykl\u0117 papra\u0161o puslapio i\u0161 tos tarnybin\u0117s stoties. Tai leid\u017eia tinklo tarnybinei sto\u010diai identifikuoti ir sekti interneto nar\u0161ykl\u0119.<\/p>\n<p>Mes naudojame Google Analytics ir Facebook Pixel naudojimuisi \u0161ia interneto svetaine analizuoti. \u0160ie servisai generuoja statistin\u0119 ir kit\u0105 informacij\u0105 apie naudojim\u0105si svetaine panaudodama slapukus, kurie laikomi vartotoj\u0173 nar\u0161ykl\u0117se. Generuojama su m\u016bs\u0173 interneto svetaine susijusi informacija yra naudojama kurti ataskaitas apie naudojim\u0105si \u0161ia interneto svetaine. \u0160i\u0105 informacij\u0105 laikys Google ir Facebook.<\/p>\n<p>Facebook privatumo politika prieinama \u010dia:<br \/>\n<a href=\"https:\/\/www.facebook.com\/privacy\" target=\"_blank\" rel=\"noopener\" data-schema-attribute=\"\">https:\/\/www.facebook.com\/privacy<\/a><\/p>\n<p>Google privatumo politika prieinama \u010dia:<br \/>\n<a href=\"https:\/\/policies.google.com\/privacy\" target=\"_blank\" rel=\"noopener\" data-schema-attribute=\"\">https:\/\/policies.google.com\/privacy<\/a><\/p>\n<p>Kad nustatyt\u0173 J\u016bs\u0173 interesus, Google seks J\u016bs\u0173 elges\u012f internete naudodama slapukus. J\u016bs galite per\u017ei\u016br\u0117ti, i\u0161trinti ir prid\u0117ti interes\u0173 kategorijas, susietas su J\u016bs\u0173 nar\u0161ykle, naudodami Google Ads Preference Manager, kur\u012f rasite <a href=\"https:\/\/adssettings.google.com\/authenticated?hl=lt\" target=\"_blank\" rel=\"noopener\" data-schema-attribute=\"\">paspaudus \u010dia.<\/a><\/p>\n<p>Kad u\u017esitikrintum\u0117te, jog atsisakymas b\u016bt\u0173 i\u0161saugotas konkre\u010diai nar\u0161yklei, tur\u0117tum\u0117te naudoti Google nar\u0161ykl\u0117s \u012fskiep\u012f, kur\u012f galima rasti <a href=\"https:\/\/support.google.com\/ads\/answer\/7395996\" target=\"_blank\" rel=\"noopener\" data-schema-attribute=\"\">paspaudus \u010dia.<\/a><\/p>\n<p>Mes taip pat naudojame Hotjar, kad gal\u0117tume geriau suprasti m\u016bs\u0173 vartotoj\u0173 poreikius ir optimizuoti \u0161i\u0105 paslaug\u0105 bei patirt\u012f. Hotjar yra technologij\u0173 paslauga, kuri padeda mums geriau suprasti m\u016bs\u0173 klient\u0173 veiksmus ir patirt\u012f. Hotjar naudoja slapukus ir kitas technologijas, leid\u017eian\u010dias kaupti duomenis apie m\u016bs\u0173 klient\u0173 naudojim\u0105si m\u016bs\u0173 svetaine ir j\u0173 \u012frenginius. Hotjar \u0161i\u0105 informacij\u0105 saugo pseudonimizuotoje vartotojo paskyroje. Nei Hotjar, nei mes niekada nenaudosime \u0161ios informacijos, kad nustatytume atskirus vartotojus ar palygintume \u0161i\u0105 informacij\u0105 su kitais duomenimis apie atskirus vartotojus. Daugiau informacijos rasite Hotjar privatumo politikoje paspaud\u0119 <a href=\"https:\/\/www.hotjar.com\/legal\/policies\/privacy\/\">\u0161i\u0105 nuorod\u0105<\/a>.<\/p>\n<p>Dauguma interneto nar\u0161ykli\u0173 leid\u017eia Jums valdyti i\u0161saugotus slapukus. Pateikiame instrukcijas, kaip galite rankiniu budu valdyti ir\/ar pa\u0161alinti slapukus J\u016bs\u0173 interneto nar\u0161ykl\u0117je:<\/p>\n<ul>\n<li>Google Chrome <a href=\"https:\/\/support.google.com\/chrome\/answer\/95647?co=GENIE.Platform%3DDesktop&amp;hl=lt\" target=\"_blank\" rel=\"noopener\" data-schema-attribute=\"\">instrukcija<\/a><\/li>\n<li>Safari <a href=\"https:\/\/support.apple.com\/guide\/safari\/manage-cookies-and-website-data-sfri11471\/mac\" target=\"_blank\" rel=\"noopener\" data-schema-attribute=\"\">instrukcija<\/a><\/li>\n<li>Mozilla Firefox <a href=\"https:\/\/support.mozilla.org\/lt\/kb\/Slapuk%C5%B3%20%C5%A1alinimas\" target=\"_blank\" rel=\"noopener\" data-schema-attribute=\"\">instrukcija<\/a><\/li>\n<li>Opera <a href=\"https:\/\/www.opera.com\/case-studies\/clean-browser-and-remove-trackers\" target=\"_blank\" rel=\"noopener\" data-schema-attribute=\"\">instrukcija<\/a><\/li>\n<li>Internet Explorer <a href=\"https:\/\/support.microsoft.com\/lt-lt\/topic\/slapuk%C5%B3-naikinimas-ir-valdymas-168dab11-0753-043d-7c16-ede5947fc64d\" target=\"_blank\" rel=\"noopener\" data-schema-attribute=\"\">instrukcija<\/a><\/li>\n<li>Microsoft Edge <a href=\"https:\/\/support.microsoft.com\/lt-lt\/microsoft-edge\/slapuk%C5%B3-naikinimas-microsoft-edge-63947406-40ac-c3b8-57b9-2a946a29ae09\" target=\"_blank\" rel=\"noopener\" data-schema-attribute=\"\">instrukcija<\/a><\/li>\n<\/ul>\n<p>Ta\u010diau vis\u0173 slapuk\u0173 blokavimas gali tur\u0117ti neigiamos \u012ftakos pilnam interneto svetaini\u0173 funkcionalumui, \u012fskaitant ir <a href=\"https:\/\/lamelique.keyboart.com\">Lamelique.shop<\/a> interneto svetain\u0117je.<\/p>\n<p><strong>3. J\u016bs\u0173 asmenini\u0173 duomen\u0173 naudojimas<\/strong><\/p>\n<p>Asmeniniai duomenys, pateikti \u0161ioje Lamelique.shop svetain\u0117je, bus naudojami tikslams, nurodytiems \u0161ioje privatumo politikoje arba aktualiose \u0161ios interneto svetain\u0117s dalyse. Mes galime naudoti j\u016bs\u0173 asmenin\u0119 informacij\u0105 \u0161iems tikslams:<\/p>\n<ul>\n<li>Lamelique.shop interneto svetainei administruoti;<\/li>\n<li>U\u017esakymams vykdyti;<\/li>\n<li>J\u016bs\u0173 nar\u0161ymo patir\u010diai gerinti, pritaikydami \u0161i\u0105 interneto svetain\u0119 asmeniniams poreikiams;<\/li>\n<li>Turint J\u016bs\u0173 sutikim\u0105 si\u0173sti Jums el. pa\u0161tu m\u016bs\u0173 naujienlai\u0161k\u012f, kuris, m\u016bs\u0173 manymu, gali b\u016bti Jums \u012fdomus (J\u016bs galite bet kada informuoti mus, jeigu nebenorite, kad naujienlai\u0161kis b\u016bt\u0173 Jums siun\u010diamas);<\/li>\n<li>Tre\u010diosioms \u0161alims suteikti statistin\u0119 informacij\u0105 apie m\u016bs\u0173 vartotojus, ta\u010diau \u0161i informacija nebus naudojama jokiam atskiram vartotojui identifikuoti;<\/li>\n<\/ul>\n<p>Be ai\u0161kaus J\u016bs\u0173 sutikimo mes neteiksime J\u016bs\u0173 asmenini\u0173 duomen\u0173 jokioms tre\u010diosioms \u0161alims tiesiogin\u0117s rinkodaros tikslais.<\/p>\n<p>Norint pa\u0161alinti visus savo asmens duomenys Lamelique.shop svetain\u0117je, pra\u0161ome susisiekti su mumis per <a href=\"https:\/\/lamelique.shop\/en\/contacts\/\" target=\"_blank\" rel=\"noopener\" data-schema-attribute=\"\">kontakt\u0173 form\u0105<\/a>.<\/p>\n<p><strong>4. Politikos pakeitimai<\/strong><\/p>\n<p>Mes galime retkar\u010diais atnaujinti \u0161i\u0105 privatumo politik\u0105 paskelbdami nauj\u0105 versij\u0105 savo interneto svetain\u0117je. Kartkart\u0117mis J\u016bs tur\u0117tum\u0117te per\u017ei\u016br\u0117ti \u0161\u012f puslap\u012f, kad \u012fsitikintum\u0117te, jog esate patenkinti esama ar atnaujinta Lamelique.shop privatumo politika.<\/p>\n<p><em>Atnaujinta 2023-07-01<\/em><\/p>\n<\/div><\/div><\/div><\/div><\/div><\/div><\/div><\/section>\n","protected":false},"excerpt":{"rendered":"Lamelique.shop privatumo politikoje apra\u0161oma, koki\u0105 informacij\u0105 renkame ir kaip j\u0105 naudojame. 1. Koki\u0105 informacij\u0105 mes renkame? Mes galime rinkti, saugoti ir naudoti \u017eemiau nurodyt\u0173 r\u016b\u0161i\u0173 informacij\u0105: Informacij\u0105 apie J\u016bs\u0173 \u012frengin\u012f, apsilankymus ir naudojim\u0105si Lamelique.shop internetin\u0117je parduotuv\u0117je (\u012fskaitant IP adres\u0105, geografin\u0119 viet\u0105, nar\u0161ykl\u0117s tip\u0105, i\u0161 kur buvote nukreipti, lankymosi trukm\u0119, puslapi\u0173 \u017ei\u016br\u0117jim\u0173 skai\u010di\u0173); Informacij\u0105, kuri\u0105 J\u016bs...","protected":false},"author":5,"featured_media":0,"parent":0,"menu_order":0,"comment_status":"closed","ping_status":"closed","template":"","meta":{"_acf_changed":false,"inline_featured_image":false,"footnotes":""},"class_list":["post-6374","page","type-page","status-publish","hentry"],"acf":[],"yoast_head":"<!-- This site is optimized with the Yoast SEO plugin v27.0 - https:\/\/yoast.com\/product\/yoast-seo-wordpress\/ -->\n<title>Privacy policy - Lamelique<\/title>\n<meta name=\"robots\" content=\"index, follow, max-snippet:-1, max-image-preview:large, max-video-preview:-1\" \/>\n<link rel=\"canonical\" href=\"https:\/\/lamelique.shop\/en\/privacy-policy\/\" \/>\n<meta property=\"og:locale\" content=\"en_US\" \/>\n<meta property=\"og:type\" content=\"article\" \/>\n<meta property=\"og:title\" content=\"Privacy policy - Lamelique\" \/>\n<meta property=\"og:url\" content=\"https:\/\/lamelique.shop\/en\/privacy-policy\/\" \/>\n<meta property=\"og:site_name\" content=\"Lamelique\" \/>\n<meta property=\"article:publisher\" content=\"https:\/\/www.facebook.com\/lamelique.shop\" \/>\n<meta property=\"article:modified_time\" content=\"2024-06-20T12:10:28+00:00\" \/>\n<meta name=\"twitter:card\" content=\"summary_large_image\" \/>\n<meta name=\"twitter:label1\" content=\"Est. reading time\" \/>\n\t<meta name=\"twitter:data1\" content=\"3 minutes\" \/>\n<script type=\"application\/ld+json\" class=\"yoast-schema-graph\">{\"@context\":\"https:\/\/schema.org\",\"@graph\":[{\"@type\":\"WebPage\",\"@id\":\"https:\/\/lamelique.shop\/en\/privacy-policy\/\",\"url\":\"https:\/\/lamelique.shop\/en\/privacy-policy\/\",\"name\":\"Privacy policy - Lamelique\",\"isPartOf\":{\"@id\":\"https:\/\/lamelique.shop\/en\/#website\"},\"datePublished\":\"2023-04-18T11:10:46+00:00\",\"dateModified\":\"2024-06-20T12:10:28+00:00\",\"breadcrumb\":{\"@id\":\"https:\/\/lamelique.shop\/en\/privacy-policy\/#breadcrumb\"},\"inLanguage\":\"en-US\",\"potentialAction\":[{\"@type\":\"ReadAction\",\"target\":[\"https:\/\/lamelique.shop\/en\/privacy-policy\/\"]}]},{\"@type\":\"BreadcrumbList\",\"@id\":\"https:\/\/lamelique.shop\/en\/privacy-policy\/#breadcrumb\",\"itemListElement\":[{\"@type\":\"ListItem\",\"position\":1,\"name\":\"Home\",\"item\":\"https:\/\/lamelique.shop\/en\/\"},{\"@type\":\"ListItem\",\"position\":2,\"name\":\"Privacy policy\"}]},{\"@type\":\"WebSite\",\"@id\":\"https:\/\/lamelique.shop\/en\/#website\",\"url\":\"https:\/\/lamelique.shop\/en\/\",\"name\":\"Lamelique\",\"description\":\"Madingi moteri\u0161ki r\u016bbai ir aksesuarai\",\"publisher\":{\"@id\":\"https:\/\/lamelique.shop\/en\/#organization\"},\"potentialAction\":[{\"@type\":\"SearchAction\",\"target\":{\"@type\":\"EntryPoint\",\"urlTemplate\":\"https:\/\/lamelique.shop\/en\/?s={search_term_string}\"},\"query-input\":{\"@type\":\"PropertyValueSpecification\",\"valueRequired\":true,\"valueName\":\"search_term_string\"}}],\"inLanguage\":\"en-US\"},{\"@type\":\"Organization\",\"@id\":\"https:\/\/lamelique.shop\/en\/#organization\",\"name\":\"Lamelique, MB\",\"url\":\"https:\/\/lamelique.shop\/en\/\",\"logo\":{\"@type\":\"ImageObject\",\"inLanguage\":\"en-US\",\"@id\":\"https:\/\/lamelique.shop\/en\/#\/schema\/logo\/image\/\",\"url\":\"https:\/\/lamelique.shop\/wp-content\/uploads\/lamelique-logo.svg\",\"contentUrl\":\"https:\/\/lamelique.shop\/wp-content\/uploads\/lamelique-logo.svg\",\"width\":1192,\"height\":183,\"caption\":\"Lamelique, MB\"},\"image\":{\"@id\":\"https:\/\/lamelique.shop\/en\/#\/schema\/logo\/image\/\"},\"sameAs\":[\"https:\/\/www.facebook.com\/lamelique.shop\",\"https:\/\/www.instagram.com\/lamelique.shop\/\"]}]}<\/script>\n<!-- \/ Yoast SEO plugin. -->","yoast_head_json":{"title":"Privacy policy - Lamelique","robots":{"index":"index","follow":"follow","max-snippet":"max-snippet:-1","max-image-preview":"max-image-preview:large","max-video-preview":"max-video-preview:-1"},"canonical":"https:\/\/lamelique.shop\/en\/privacy-policy\/","og_locale":"en_US","og_type":"article","og_title":"Privacy policy - Lamelique","og_url":"https:\/\/lamelique.shop\/en\/privacy-policy\/","og_site_name":"Lamelique","article_publisher":"https:\/\/www.facebook.com\/lamelique.shop","article_modified_time":"2024-06-20T12:10:28+00:00","twitter_card":"summary_large_image","twitter_misc":{"Est. reading time":"3 minutes"},"schema":{"@context":"https:\/\/schema.org","@graph":[{"@type":"WebPage","@id":"https:\/\/lamelique.shop\/en\/privacy-policy\/","url":"https:\/\/lamelique.shop\/en\/privacy-policy\/","name":"Privacy policy - Lamelique","isPartOf":{"@id":"https:\/\/lamelique.shop\/en\/#website"},"datePublished":"2023-04-18T11:10:46+00:00","dateModified":"2024-06-20T12:10:28+00:00","breadcrumb":{"@id":"https:\/\/lamelique.shop\/en\/privacy-policy\/#breadcrumb"},"inLanguage":"en-US","potentialAction":[{"@type":"ReadAction","target":["https:\/\/lamelique.shop\/en\/privacy-policy\/"]}]},{"@type":"BreadcrumbList","@id":"https:\/\/lamelique.shop\/en\/privacy-policy\/#breadcrumb","itemListElement":[{"@type":"ListItem","position":1,"name":"Home","item":"https:\/\/lamelique.shop\/en\/"},{"@type":"ListItem","position":2,"name":"Privacy policy"}]},{"@type":"WebSite","@id":"https:\/\/lamelique.shop\/en\/#website","url":"https:\/\/lamelique.shop\/en\/","name":"Lamelique","description":"Madingi moteri\u0161ki r\u016bbai ir aksesuarai","publisher":{"@id":"https:\/\/lamelique.shop\/en\/#organization"},"potentialAction":[{"@type":"SearchAction","target":{"@type":"EntryPoint","urlTemplate":"https:\/\/lamelique.shop\/en\/?s={search_term_string}"},"query-input":{"@type":"PropertyValueSpecification","valueRequired":true,"valueName":"search_term_string"}}],"inLanguage":"en-US"},{"@type":"Organization","@id":"https:\/\/lamelique.shop\/en\/#organization","name":"Lamelique, MB","url":"https:\/\/lamelique.shop\/en\/","logo":{"@type":"ImageObject","inLanguage":"en-US","@id":"https:\/\/lamelique.shop\/en\/#\/schema\/logo\/image\/","url":"https:\/\/lamelique.shop\/wp-content\/uploads\/lamelique-logo.svg","contentUrl":"https:\/\/lamelique.shop\/wp-content\/uploads\/lamelique-logo.svg","width":1192,"height":183,"caption":"Lamelique, MB"},"image":{"@id":"https:\/\/lamelique.shop\/en\/#\/schema\/logo\/image\/"},"sameAs":["https:\/\/www.facebook.com\/lamelique.shop","https:\/\/www.instagram.com\/lamelique.shop\/"]}]}},"_links":{"self":[{"href":"https:\/\/lamelique.shop\/en\/wp-json\/wp\/v2\/pages\/6374","targetHints":{"allow":["GET"]}}],"collection":[{"href":"https:\/\/lamelique.shop\/en\/wp-json\/wp\/v2\/pages"}],"about":[{"href":"https:\/\/lamelique.shop\/en\/wp-json\/wp\/v2\/types\/page"}],"author":[{"embeddable":true,"href":"https:\/\/lamelique.shop\/en\/wp-json\/wp\/v2\/users\/5"}],"replies":[{"embeddable":true,"href":"https:\/\/lamelique.shop\/en\/wp-json\/wp\/v2\/comments?post=6374"}],"version-history":[{"count":0,"href":"https:\/\/lamelique.shop\/en\/wp-json\/wp\/v2\/pages\/6374\/revisions"}],"wp:attachment":[{"href":"https:\/\/lamelique.shop\/en\/wp-json\/wp\/v2\/media?parent=6374"}],"curies":[{"name":"wp","href":"https:\/\/api.w.org\/{rel}","templated":true}]}}