{"id":6378,"date":"2023-04-18T13:03:19","date_gmt":"2023-04-18T10:03:19","guid":{"rendered":"https:\/\/lamelique.shop\/salygos-ir-taisykles\/"},"modified":"2025-10-10T14:18:53","modified_gmt":"2025-10-10T11:18:53","slug":"terms-and-conditions","status":"publish","type":"page","link":"https:\/\/lamelique.shop\/en\/terms-and-conditions\/","title":{"rendered":"Terms and Conditions"},"content":{"rendered":"<section class=\"l-section wpb_row height_medium\"><div class=\"l-section-h i-cf\"><div class=\"g-cols vc_row via_flex valign_top type_default stacking_default\"><div class=\"vc_col-sm-12 wpb_column vc_column_container\"><div class=\"vc_column-inner\"><div class=\"wpb_wrapper\"><div class=\"wpb_text_column\"><div class=\"wpb_wrapper\"><h3>Preki\u0173 pirkimo ir pardavimo taisykl\u0117s<\/h3>\n<h3>Bendrosios nuostatos<\/h3>\n<p>1.1. \u0160ios preki\u0173 pirkimo \u2013 pardavimo taisykl\u0117s (toliau \u201eTaisykl\u0117s\u201c) yra \u0161alims privalomas teisinis dokumentas, kuriame nustatomos Pirk\u0117jo ir Pardav\u0117jo teis\u0117s bei pareigos, preki\u0173 \u012fsigijimo bei apmok\u0117jimo u\u017e jas s\u0105lygos, preki\u0173 pristatymo ir gr\u0105\u017einimo tvarka, \u0161ali\u0173 atsakomyb\u0117 bei kitos su preki\u0173 pirkimu \u2013 pardavimu susijusios nuostatos.<br \/>\n1.2. Pirk\u0117jas, u\u017esisakydamas prekes, patvirtina, jog su Taisykl\u0117mis susipa\u017eino.<br \/>\n1.3. Sutartis tarp Pirk\u0117jo ir Pardav\u0117jo laikoma sudaryta nuo to momento, kai Pirk\u0117jas apmoka reikiam\u0105 sum\u0105 u\u017e \u012fsigyjamas prekes.<br \/>\n1.4. \u0160ios Taisykl\u0117s yra parengtos vadovaujantis Lietuvos Respublikos civiliniu kodeksu, Lietuvos Respublikos vartotoj\u0173 teisi\u0173 apsaugos \u012fstatymu ir kitais taikomais teis\u0117s aktais.<\/p>\n<h4>Asmens duomen\u0173 apsauga<\/h4>\n<p>2.1. Pateikdamas u\u017esakym\u0105 Pirk\u0117jas sutinka, kad jo pateikti asmens duomenys b\u016bt\u0173 tvarkomi u\u017esakymo vykdymo tikslais. Pirk\u0117jas taip pat sutinka, kad Pirk\u0117jo nurodytu el. pa\u0161to adresu b\u016bt\u0173 siun\u010diami informaciniai prane\u0161imai, b\u016btini preki\u0173 u\u017esakymui \u012fvykdyti.<br \/>\n2.2. Pardav\u0117jas \u012fsipareigoja neatskleisti Pirk\u0117jo asmens duomen\u0173 tretiesiems asmenims, i\u0161skyrus kai to reikalauja kompetetinga Valstyb\u0117s institucija LR \u012fstatym\u0173 numatytais atvejais arba atskiru ra\u0161ytiniu Pirk\u0117jo sutikimu.<br \/>\n2.3. Pirkimo-pardavimo sutartys registruojamos ir saugomos Pardav\u0117jo duomen\u0173 baz\u0117je.<\/p>\n<h4>Pirk\u0117jo teis\u0117s ir \u012fsipareigojimai<\/h4>\n<p>3.1. Pirk\u0117jas \u012fsipareigoja sumok\u0117ti Pardav\u0117jui sutart\u0105 sum\u0105 u\u017e u\u017esakytas prekes ir jas priimti.<br \/>\n3.2 Pateikti piln\u0105, i\u0161sami\u0105 ir teising\u0105 informacij\u0105 Pardav\u0117jui. Jeigu Pirk\u0117jas pateikia netikslius, melagingus ar klaidinan\u010dius duomenis, Pardav\u0117jas turi teis\u0119 anuliuoti Pirk\u0117jo u\u017esakym\u0105.<br \/>\n3.3. Pasikeitus Pirk\u0117jo duomenims, pateiktiems Pardav\u0117jui, Pirk\u0117jas privalo nedelsiant apie tai prane\u0161ti Pardav\u0117jui.<br \/>\n3.4. Pirk\u0117jas turi teis\u0119 atsisakyti preki\u0173 pirkimo \u2013 pardavimo sutarties, laikantis \u0161i\u0173 taisykli\u0173 8 punkte i\u0161d\u0117styt\u0173 nuostat\u0173.<br \/>\n3.5. Pirk\u0117jas, pateikdamas u\u017esakym\u0105 sutinka su \u0161iomis pirkimo \u2013 pardavimo Taisykl\u0117mis ir \u012fsipareigoja laikytis j\u0173 ir nustatyt\u0173 LR teis\u0117s akt\u0173.<\/p>\n<h4>Pardav\u0117jo teis\u0117s ir \u012fsipareigojimai<\/h4>\n<p>4.1. Pardav\u0117jas \u012fsipareigoja Pirk\u0117jo \u012fsigytas prekes pristatyti Pirk\u0117jo preki\u0173 u\u017esakymo metu pasirinktu b\u016bdu ir nurodytu adresu.<br \/>\n4.2. Pardav\u0117jas \u012fsipareigoja gerbti Pirk\u0117jo privatum\u0105 ir tvarkyti jo asmens duomenis laikantis galiojan\u010di\u0173 teis\u0117s akt\u0173 reikalavim\u0173.<br \/>\n4.3. Pardav\u0117jas, susidarius svarbioms aplinkyb\u0117ms, gali laikinai arba i\u0161 viso nutraukti tinklapio veikl\u0105 apie tai i\u0161 anksto neprane\u0161\u0119s Pirk\u0117jui.<br \/>\n4.4. Pardav\u0117jas gali viena\u0161ali\u0161kai pakeisti \u0161i\u0173 Taisykli\u0173 s\u0105lygas.<\/p>\n<h4>Preki\u0173 u\u017esakymas, atsiskaitymo tvarka, terminai<\/h4>\n<p>5.1. Pirk\u0117jas u\u017esakymus gali pateikti 7 dienas per savait\u0119, 24 val. per par\u0105. Neapmok\u0117jus u\u017esakymo per 1 valand\u0105, u\u017esakymas yra \u0161alinamas i\u0161 sistemos.<br \/>\n5.2. U\u017esakymai priimami www.lamelique.shop esan\u010diomis u\u017esakymo formomis. Visos preki\u0173 kainos internetin\u0117je parduotuv\u0117je nurodytos eurais. PVM yra \u012ftrauktas \u012f www.lamelique.shop nurodytas preki\u0173 kainas.<br \/>\n5.3. Pirk\u0117jui patvirtinant u\u017esakym\u0105, prie bendros preki\u0173 sumos prisideda pristatymo mokestis.<br \/>\n5.4. Pirk\u0117jas atsiskaityti u\u017e prekes gali: elektronine bankininkyste (Mok\u0117jimus apdoroja Paysera).<br \/>\n5.5. Siuntinys pradedamas ruo\u0161ti tik gavus apmok\u0117jim\u0105 u\u017e prekes.<\/p>\n<h4>Preki\u0173 pristatymas<\/h4>\n<p>6.1. Pirk\u0117jas \u012fsipareigoja pateikti tiksl\u0173 preki\u0173 pristatymo adres\u0105.<br \/>\n6.2. Pirk\u0117jas \u012fsipareigoja prekes priimti pats. Tuo atveju, jei Pirk\u0117jas preki\u0173 pats priimti negali, o prek\u0117s pristatytos nurodytu adresu, Pirk\u0117jas neturi teis\u0117s reik\u0161ti Pardav\u0117jui pretenzij\u0173 d\u0117l preki\u0173 pristatymo netinkamam subjektui.<br \/>\n6.3. Prek\u0117s pirk\u0117jui pristatomos Omniva kurjeriais ir pa\u0161tomatais.<br \/>\n6.4. Prek\u0117s Pirk\u0117jui suruo\u0161iamos per 1-4 darbo dienas po apmok\u0117jimo.<br \/>\n6.5. Lietuvoje prek\u0117s yra pristatomos per 1-3 darbo dienas.<br \/>\n6.6. Visais atvejais Pardav\u0117jas atleid\u017eiamas nuo atsakomyb\u0117s u\u017e preki\u0173 pristatymo termin\u0173 nesilaikym\u0105, jeigu prek\u0117s Pirk\u0117jui n\u0117ra pristatytos arba pristatomos ne laiku d\u0117l Pirk\u0117jo kalt\u0117s arba d\u0117l nuo Pardav\u0117jo nepriklausan\u010di\u0173 aplinkybi\u0173.<br \/>\n6.7. Pirk\u0117jas privalo nedelsiant informuoti Pardav\u0117j\u0105, jeigu siunta gaunama pa\u017eeistoje pakuot\u0117je, jeigu siuntoje gautos neu\u017esakytos prek\u0117s arba netinkamas j\u0173 kiekis, nepilna prek\u0117s komplektacija.<br \/>\n6.8. Pirk\u0117jas privalo el. pa\u0161tu pateikti Pardav\u0117jui pa\u017eeisto siuntinio ir(arba) prek\u0117s (-i\u0173) nuotraukas.<br \/>\n6.9. Jei prek\u0117 gr\u0105\u017einama Pardav\u0117jui d\u0117l Pirk\u0117jo kalt\u0117s neteisingai nurodyto arba netikslaus adreso, arba jeigu prek\u0117 gr\u0105\u017einama pardav\u0117jui neatsi\u0117mus jos i\u0161 pa\u0161tomato per maksimal\u0173 jos saugojimo termin\u0105, Pirk\u0117jas privalo Pardav\u0117jui sumok\u0117ti pakartotino persiuntimo i\u0161laidas, o jei prek\u0117s buvo gr\u0105\u017eintos i\u0161 pa\u0161tomato padengti Pardav\u0117jui ir prek\u0117s gr\u0105\u017einimo ka\u0161tus. Pirk\u0117jui atsisakius pakartotinai priimti siunt\u0105 (t.y. pareikalavus gr\u0105\u017einti pinigus u\u017e prekes), pinigai u\u017e siuntim\u0105 pirk\u0117jui n\u0117ra gr\u0105\u017einami.<\/p>\n<h4>Preki\u0173 kokyb\u0117s garantija<\/h4>\n<p>7.1. Visi www.lamelique.shop parduodam\u0173 preki\u0173 duomenys nurodomi prie kiekvienos prek\u0117s esan\u010diame prek\u0117s apra\u0161yme.<br \/>\n7.2. Parduotuv\u0117je pavaizduoti preki\u0173 kiekiai nuotraukose ne visada susij\u0119 su prek\u0117s kaina \u2013 preki\u0173 gali b\u016bti pavaizduota daugiau nei vieno vieneto kaina. Preki\u0173 spalva, priklausomai nuo Pirk\u0117jo naudojamo monitoriaus, gali ne\u017eymiai skirtis.<br \/>\n7.3. Pardav\u0117jas atskiroms preki\u0173 r\u016b\u0161ims gali suteikti atitinkam\u0105 kokyb\u0117s garantij\u0105, kurios konkretus terminas ir kitos s\u0105lygos yra nurodomos prek\u0117s apra\u0161yme.<\/p>\n<h4>Preki\u0173 gr\u0105\u017einimas ir keitimas<\/h4>\n<p>8.1. www.lamelique.shop elektronin\u0117 parduotuv\u0117 remiasi Lietuvos Respublikos \u012fstatymais, tod\u0117l taip pat vykdo preki\u0173 gr\u0105\u017einimo politik\u0105. \u012esigytus produktus galima gr\u0105\u017einti \u012fmonei, \u0161iais atvejais:<br \/>\n8.2. Jeigu J\u016bs\u0173 gauta prek\u0117 neatitiko tos, kuri\u0105 \u012fsigijote elektronin\u0117je parduotuv\u0117je.<br \/>\n8.3. Jeigu prek\u0117s dydis Jums netinka ar nepatiko prek\u0117s i\u0161vaizda, si\u016blome Jums j\u0105 pakeisti (reik\u0117s mok\u0117ti tik u\u017e kitos prek\u0117s pristatym\u0105).<br \/>\n8.4. Vadovaudamiesi Lietuvos Respublikos \u012fstatymais, suteikiame klientui galimyb\u0119 gr\u0105\u017einti \u012fsigyt\u0105 prek\u0119 \u2013 procesui \u012fgyvendinti, kaip ir yra nurodyta, suteikiame 14 (keturiolik\u0105) dien\u0173. Laikotarpis yra pradedamas skai\u010diuoti nuo tos akimirkos, kai siunt\u0105 yra pristatyta \u012f pa\u0161tomat\u0105.<br \/>\n8.5. \u012esp\u0117jame, jog prek\u0117s, kurias norite gr\u0105\u017einti, privalo b\u016bti nenaudotos, nepraradusios pirmin\u0117s \u2013 prekin\u0117s i\u0161vaizdos, vizualini\u0173 bruo\u017e\u0173 (I\u0161skyrus atvejus, kai prek\u0117 yra brokuota ar defektuota). Pakuot\u0117 taip pat turi b\u016bti nepa\u017eeista, nesugadinta, nedeformuota. Pastaba \u2013 atidaryta pakuot\u0117 n\u0117ra \u012fvardijama, kaip pa\u017eeidimas, jeigu tikslas buvo \u012fsitikinti, jog gautas daiktas atitinka elektronin\u0117je parduotuv\u0117je nurodyt\u0105 apra\u0161ym\u0105.<br \/>\n8.6. Gr\u0105\u017einimo i\u0161laidas apmoka pirk\u0117jas.<br \/>\n8.7. Gr\u0105\u017einant prek\u0119 reikia nurodyti \u0161i\u0105 informacij\u0105: u\u017esakymo numer\u012f, gr\u0105\u017einamos prek\u0117s pavadinim\u0105 bei kod\u0105, pirkimo dat\u0105.<br \/>\n8.8. M\u016bs\u0173 elektronin\u0117 parduotuv\u0117 \u012fsipareigoja, gavusi gr\u0105\u017eint\u0105 prek\u0119, kompensuoti pinigus per 10 darbo dien\u0173.<br \/>\n8.9. Klientui, panorusiam gaut\u0105 prek\u0119 pakeisti kita, galioja produkto pristatymo terminai, esantys elektronin\u0117s parduotuv\u0117s nuostatuose.<br \/>\n8.10. Gr\u0105\u017einti prekes galima pa\u0161tomatu.<br \/>\n8.11. Pagal teis\u0117s akt\u0105 negali b\u016bti gr\u0105\u017eintos arba kei\u010diamos \u0161ios prek\u0117s: parfumerijos, kosmetikos ir tualetiniai preparatai. Prek\u0117s, kurios gaminamos pagal individual\u0173 u\u017esakym\u0105.<br \/>\n8.12. Pirk\u0117jas, kuris gr\u0105\u017eina nepatikusias arba netikusias prekes, turi apmok\u0117ti pats patirtas tiesiogines preki\u0173 gr\u0105\u017einimo i\u0161laidas.<\/p>\n<h4>Rinkodara ir informacija<\/h4>\n<p>9.1. Pardav\u0117jas www.lamelique.shop gali organizuoti \u012fvairias akcijas ir pasi\u016blymus.<br \/>\n9.2. Pardav\u0117jas turi teis\u0119 viena\u0161ali\u0161kai, be atskiro \u012fsp\u0117jimo, pakeisti akcij\u0173 s\u0105lygas, taip pat jas panaikinti. Bet koks akcij\u0173 s\u0105lyg\u0173 ir tvarkos pakeitimas ar panaikinimas galioja nuo j\u0173 pakeitimo ar panaikinimo momento.<br \/>\n9.3. Pirk\u0117jas visus prane\u0161imus ir klausimus siun\u010dia Pardav\u0117jo el. parduotuv\u0117s skyriuje \u201eKontaktai\u201c nurodytais kontaktais.<\/p>\n<h4>Baigiamosios nuostatos<\/h4>\n<p>10.1. \u0160ios preki\u0173 pirkimo \u2013 pardavimo Taisykl\u0117s sudarytos vadovaujantis LR \u012fstatymais ir teis\u0117s aktais.<br \/>\n10.2. Pardav\u0117jas pasilieka teis\u0119 sustabdyti, savo nuo\u017ei\u016bra pildyti, keisti \u0161ias Taisykles ir kitus su Taisykl\u0117mis susijusius dokumentus. Taisykli\u0173 papildymai ar pakeitimai \u012fsigalioja nuo j\u0173 paskelbimo dienos.<br \/>\n10.3. \u0160ios Taisykl\u0117s sudarytos vadovaujantis Lietuvos Respublikos teis\u0117s aktais.<br \/>\n10.4. \u0160i\u0173 Taisykli\u0173 pagrindu kylantiems santykiams taikoma Lietuvos Respublikos teis\u0117.<br \/>\n10.5. Visi nesutarimai, kil\u0119 d\u0117l \u0161i\u0173 Taisykli\u0173 vykdymo, sprend\u017eiami deryb\u0173 b\u016bdu. Nepavykus susitarti, gin\u010dai sprend\u017eiami Lietuvos Respublikos \u012fstatym\u0173 nustatyta tvarka.<br \/>\n10.6. Pra\u0161ym\u0105\/skund\u0105 d\u0117l \u012fsigytos prek\u0117s galite pateikti Valstybinei vartotoj\u0173 teisi\u0173 apsaugos tarnybai (Vilniaus g. 25, 01402 Vilnius, el. p. tarnyba@vvtat.lt, tel. 852626751, interneto svetain\u0117je www.vvtat.lt, jos teritoriniams padaliniams apskrityse \u2013 http:\/\/vvtat.lt\/struktura-ir-kontaktai\/kontaktai\/593) ar u\u017epildyti pra\u0161ymo form\u0105 EGS platformoje http:\/\/ec.europa.eu\/odr\/, bet prie\u0161 tai, kaip numato taikomi teis\u0117s aktai, J\u016bs turite kreiptis \u012f Pardav\u0117j\u0105.<br \/>\n10.7. Jeigu turite koki\u0173 nors klausim\u0173, kreipkit\u0117s el. pa\u0161tu info@lamelique.shop<\/p>\n<h3>Preki\u0173 pristatymas<\/h3>\n<h4>Omniva pa\u0161tomatai<\/h4>\n<p>Siuntos paruo\u0161iamos ir i\u0161siun\u010diamos per 1-4 darbo dienas. Prek\u0117s pristatomos \u012f Omniva siunt\u0173 atsi\u0117mimo terminal\u0105 (pa\u0161tomat\u0105) visoje Lietuvoje. Siuntos po i\u0161siuntimo pristatomos per 1 \u2013 2 darbo dienas. Kai prek\u0117s yra pristatomos \u012f pa\u0161tomat\u0105, gav\u0117jas yra informuojamas trump\u0105ja SMS \u017einute, kur bus visa reikalinga informacija siuntai atsiimti i\u0161 pa\u0161tomato. Gav\u0117jas gali atsiimti siuntas i\u0161 pa\u0161tomato bet kuriuo paros metu. Siunta Omniva pa\u0161tomate saugoma 7 kalendorines dienas.<\/p>\n<h3>Gr\u0105\u017einimas<\/h3>\n<p>Internetu pirktos kokybi\u0161kos prek\u0117s gali b\u016bti gr\u0105\u017einamos per 14 dien\u0173 nuo preki\u0173 pristatymo pirk\u0117jui dienos.<\/p>\n<p>Nor\u0117dami gr\u0105\u017einti prek\u0119 atgal, kreipkit\u0117s el. pa\u0161tu info@lamelique.shop arba tel. +370 674 48228.<\/p>\n<p>Gr\u0105\u017einant prekes, b\u016btina laikytis \u0161i\u0173 s\u0105lyg\u0173:<\/p>\n<ul>\n<li>Gr\u0105\u017einama prek\u0117 turi b\u016bti originalioje tvarkingoje pakuot\u0117je, nesugadinta, nenaudota, nepraradusi prekin\u0117s i\u0161vaizdos;<\/li>\n<li>Gr\u0105\u017einama kokybi\u0161ka prek\u0117 turi b\u016bti tos pa\u010dios komplektacijos, kokios buvo gauta (kartu turi b\u016bti gr\u0105\u017einamos u\u017e pirkin\u012f gautos dovanos bei m\u0117ginukai);<\/li>\n<li>Kokybi\u0161k\u0173 preki\u0173 gr\u0105\u017einimo atveju, Pirk\u0117jas turi apmok\u0117ti preki\u0173 gr\u0105\u017einimo i\u0161laidas (gr\u0105\u017einimo i\u0161laidos bus i\u0161skai\u010diuotos i\u0161 gr\u0105\u017einamos sumos);<\/li>\n<\/ul>\n<p>www.lamelique.shop el. parduotuv\u0117 turi teis\u0119 nepriimti Pirk\u0117jo gr\u0105\u017einam\u0173 preki\u0173, jei pirk\u0117jas nesilaiko nustatytos preki\u0173 gr\u0105\u017einimo tvarkos.<\/p>\n<h4>Gr\u0105\u017einimas per pa\u0161tomat\u0105:<\/h4>\n<p>Vieno u\u017esakymo prekes reikia supakuoti \u012f vien\u0105 de\u017eut\u0119 ir tvarkingai u\u017eklijuoti. Siuntos lipduk\u0105 atspausdins pa\u0161tomatas.<br \/>\nPardav\u0117jas \u012fsipareigoja gr\u0105\u017einti Pirk\u0117jui sumok\u0117tus pinigus \u012f nurodyt\u0105 s\u0105skait\u0105 per 10 darbo dien\u0173, skai\u010diuojam\u0173 nuo gr\u0105\u017einamos prek\u0117s gavimo dienos.<\/p>\n<\/div><\/div><\/div><\/div><\/div><\/div><\/div><\/section>\n","protected":false},"excerpt":{"rendered":"Preki\u0173 pirkimo ir pardavimo taisykl\u0117s Bendrosios nuostatos 1.1. \u0160ios preki\u0173 pirkimo \u2013 pardavimo taisykl\u0117s (toliau \u201eTaisykl\u0117s\u201c) yra \u0161alims privalomas teisinis dokumentas, kuriame nustatomos Pirk\u0117jo ir Pardav\u0117jo teis\u0117s bei pareigos, preki\u0173 \u012fsigijimo bei apmok\u0117jimo u\u017e jas s\u0105lygos, preki\u0173 pristatymo ir gr\u0105\u017einimo tvarka, \u0161ali\u0173 atsakomyb\u0117 bei kitos su preki\u0173 pirkimu \u2013 pardavimu susijusios nuostatos. 1.2. Pirk\u0117jas, u\u017esisakydamas...","protected":false},"author":5,"featured_media":0,"parent":0,"menu_order":0,"comment_status":"closed","ping_status":"closed","template":"","meta":{"_acf_changed":false,"inline_featured_image":false,"footnotes":""},"class_list":["post-6378","page","type-page","status-publish","hentry"],"acf":[],"yoast_head":"<!-- This site is optimized with the Yoast SEO plugin v27.0 - https:\/\/yoast.com\/product\/yoast-seo-wordpress\/ -->\n<title>Terms and Conditions - Lamelique<\/title>\n<meta name=\"robots\" content=\"index, follow, max-snippet:-1, max-image-preview:large, max-video-preview:-1\" \/>\n<link rel=\"canonical\" href=\"https:\/\/lamelique.shop\/en\/terms-and-conditions\/\" \/>\n<meta property=\"og:locale\" content=\"en_US\" \/>\n<meta property=\"og:type\" content=\"article\" \/>\n<meta property=\"og:title\" content=\"Terms and Conditions - Lamelique\" \/>\n<meta property=\"og:url\" content=\"https:\/\/lamelique.shop\/en\/terms-and-conditions\/\" \/>\n<meta property=\"og:site_name\" content=\"Lamelique\" \/>\n<meta property=\"article:publisher\" content=\"https:\/\/www.facebook.com\/lamelique.shop\" \/>\n<meta property=\"article:modified_time\" content=\"2025-10-10T11:18:53+00:00\" \/>\n<meta name=\"twitter:card\" content=\"summary_large_image\" \/>\n<meta name=\"twitter:label1\" content=\"Est. reading time\" \/>\n\t<meta name=\"twitter:data1\" content=\"8 minutes\" \/>\n<script type=\"application\/ld+json\" class=\"yoast-schema-graph\">{\"@context\":\"https:\/\/schema.org\",\"@graph\":[{\"@type\":\"WebPage\",\"@id\":\"https:\/\/lamelique.shop\/en\/terms-and-conditions\/\",\"url\":\"https:\/\/lamelique.shop\/en\/terms-and-conditions\/\",\"name\":\"Terms and Conditions - Lamelique\",\"isPartOf\":{\"@id\":\"https:\/\/lamelique.shop\/en\/#website\"},\"datePublished\":\"2023-04-18T10:03:19+00:00\",\"dateModified\":\"2025-10-10T11:18:53+00:00\",\"breadcrumb\":{\"@id\":\"https:\/\/lamelique.shop\/en\/terms-and-conditions\/#breadcrumb\"},\"inLanguage\":\"en-US\",\"potentialAction\":[{\"@type\":\"ReadAction\",\"target\":[\"https:\/\/lamelique.shop\/en\/terms-and-conditions\/\"]}]},{\"@type\":\"BreadcrumbList\",\"@id\":\"https:\/\/lamelique.shop\/en\/terms-and-conditions\/#breadcrumb\",\"itemListElement\":[{\"@type\":\"ListItem\",\"position\":1,\"name\":\"Home\",\"item\":\"https:\/\/lamelique.shop\/en\/\"},{\"@type\":\"ListItem\",\"position\":2,\"name\":\"Terms and Conditions\"}]},{\"@type\":\"WebSite\",\"@id\":\"https:\/\/lamelique.shop\/en\/#website\",\"url\":\"https:\/\/lamelique.shop\/en\/\",\"name\":\"Lamelique\",\"description\":\"Madingi moteri\u0161ki r\u016bbai ir aksesuarai\",\"publisher\":{\"@id\":\"https:\/\/lamelique.shop\/en\/#organization\"},\"potentialAction\":[{\"@type\":\"SearchAction\",\"target\":{\"@type\":\"EntryPoint\",\"urlTemplate\":\"https:\/\/lamelique.shop\/en\/?s={search_term_string}\"},\"query-input\":{\"@type\":\"PropertyValueSpecification\",\"valueRequired\":true,\"valueName\":\"search_term_string\"}}],\"inLanguage\":\"en-US\"},{\"@type\":\"Organization\",\"@id\":\"https:\/\/lamelique.shop\/en\/#organization\",\"name\":\"Lamelique, MB\",\"url\":\"https:\/\/lamelique.shop\/en\/\",\"logo\":{\"@type\":\"ImageObject\",\"inLanguage\":\"en-US\",\"@id\":\"https:\/\/lamelique.shop\/en\/#\/schema\/logo\/image\/\",\"url\":\"https:\/\/lamelique.shop\/wp-content\/uploads\/lamelique-logo.svg\",\"contentUrl\":\"https:\/\/lamelique.shop\/wp-content\/uploads\/lamelique-logo.svg\",\"width\":1192,\"height\":183,\"caption\":\"Lamelique, MB\"},\"image\":{\"@id\":\"https:\/\/lamelique.shop\/en\/#\/schema\/logo\/image\/\"},\"sameAs\":[\"https:\/\/www.facebook.com\/lamelique.shop\",\"https:\/\/www.instagram.com\/lamelique.shop\/\"]}]}<\/script>\n<!-- \/ Yoast SEO plugin. -->","yoast_head_json":{"title":"Terms and Conditions - Lamelique","robots":{"index":"index","follow":"follow","max-snippet":"max-snippet:-1","max-image-preview":"max-image-preview:large","max-video-preview":"max-video-preview:-1"},"canonical":"https:\/\/lamelique.shop\/en\/terms-and-conditions\/","og_locale":"en_US","og_type":"article","og_title":"Terms and Conditions - Lamelique","og_url":"https:\/\/lamelique.shop\/en\/terms-and-conditions\/","og_site_name":"Lamelique","article_publisher":"https:\/\/www.facebook.com\/lamelique.shop","article_modified_time":"2025-10-10T11:18:53+00:00","twitter_card":"summary_large_image","twitter_misc":{"Est. reading time":"8 minutes"},"schema":{"@context":"https:\/\/schema.org","@graph":[{"@type":"WebPage","@id":"https:\/\/lamelique.shop\/en\/terms-and-conditions\/","url":"https:\/\/lamelique.shop\/en\/terms-and-conditions\/","name":"Terms and Conditions - Lamelique","isPartOf":{"@id":"https:\/\/lamelique.shop\/en\/#website"},"datePublished":"2023-04-18T10:03:19+00:00","dateModified":"2025-10-10T11:18:53+00:00","breadcrumb":{"@id":"https:\/\/lamelique.shop\/en\/terms-and-conditions\/#breadcrumb"},"inLanguage":"en-US","potentialAction":[{"@type":"ReadAction","target":["https:\/\/lamelique.shop\/en\/terms-and-conditions\/"]}]},{"@type":"BreadcrumbList","@id":"https:\/\/lamelique.shop\/en\/terms-and-conditions\/#breadcrumb","itemListElement":[{"@type":"ListItem","position":1,"name":"Home","item":"https:\/\/lamelique.shop\/en\/"},{"@type":"ListItem","position":2,"name":"Terms and Conditions"}]},{"@type":"WebSite","@id":"https:\/\/lamelique.shop\/en\/#website","url":"https:\/\/lamelique.shop\/en\/","name":"Lamelique","description":"Madingi moteri\u0161ki r\u016bbai ir aksesuarai","publisher":{"@id":"https:\/\/lamelique.shop\/en\/#organization"},"potentialAction":[{"@type":"SearchAction","target":{"@type":"EntryPoint","urlTemplate":"https:\/\/lamelique.shop\/en\/?s={search_term_string}"},"query-input":{"@type":"PropertyValueSpecification","valueRequired":true,"valueName":"search_term_string"}}],"inLanguage":"en-US"},{"@type":"Organization","@id":"https:\/\/lamelique.shop\/en\/#organization","name":"Lamelique, MB","url":"https:\/\/lamelique.shop\/en\/","logo":{"@type":"ImageObject","inLanguage":"en-US","@id":"https:\/\/lamelique.shop\/en\/#\/schema\/logo\/image\/","url":"https:\/\/lamelique.shop\/wp-content\/uploads\/lamelique-logo.svg","contentUrl":"https:\/\/lamelique.shop\/wp-content\/uploads\/lamelique-logo.svg","width":1192,"height":183,"caption":"Lamelique, MB"},"image":{"@id":"https:\/\/lamelique.shop\/en\/#\/schema\/logo\/image\/"},"sameAs":["https:\/\/www.facebook.com\/lamelique.shop","https:\/\/www.instagram.com\/lamelique.shop\/"]}]}},"_links":{"self":[{"href":"https:\/\/lamelique.shop\/en\/wp-json\/wp\/v2\/pages\/6378","targetHints":{"allow":["GET"]}}],"collection":[{"href":"https:\/\/lamelique.shop\/en\/wp-json\/wp\/v2\/pages"}],"about":[{"href":"https:\/\/lamelique.shop\/en\/wp-json\/wp\/v2\/types\/page"}],"author":[{"embeddable":true,"href":"https:\/\/lamelique.shop\/en\/wp-json\/wp\/v2\/users\/5"}],"replies":[{"embeddable":true,"href":"https:\/\/lamelique.shop\/en\/wp-json\/wp\/v2\/comments?post=6378"}],"version-history":[{"count":2,"href":"https:\/\/lamelique.shop\/en\/wp-json\/wp\/v2\/pages\/6378\/revisions"}],"predecessor-version":[{"id":13008,"href":"https:\/\/lamelique.shop\/en\/wp-json\/wp\/v2\/pages\/6378\/revisions\/13008"}],"wp:attachment":[{"href":"https:\/\/lamelique.shop\/en\/wp-json\/wp\/v2\/media?parent=6378"}],"curies":[{"name":"wp","href":"https:\/\/api.w.org\/{rel}","templated":true}]}}